{"id":1269,"date":"2015-10-21T07:42:32","date_gmt":"2015-10-21T07:42:32","guid":{"rendered":"http:\/\/logistics.stylemixthemes.com\/demo\/?page_id=2"},"modified":"2020-12-19T12:36:05","modified_gmt":"2020-12-19T11:36:05","slug":"home","status":"publish","type":"page","link":"https:\/\/e-k-f.de\/","title":{"rendered":"Home"},"content":{"rendered":"<p>[vc_row full_width=&#8220;stretch_row_content_no_spaces&#8220; css=&#8220;.vc_custom_1445941555299{margin-bottom: 0px !important;}&#8220;][vc_column offset=&#8220;vc_hidden-xs&#8220;][rev_slider_vc alias=&#8220;main_slider&#8220;][\/vc_column][\/vc_row][vc_row full_width=&#8220;stretch_row&#8220; el_class=&#8220;base_bg_color no_overflow_hidden&#8220; css=&#8220;.vc_custom_1448432556856{margin-bottom: 80px !important;}&#8220;][vc_column width=&#8220;1\/4&#8243; offset=&#8220;vc_hidden-xs&#8220;][stm_rev_slider_nav title=&#8220;Stra\u00dfen Fracht&#8220; icon=&#8220;stm-transport842&#8243; slide_number=&#8220;1&#8243;][\/vc_column][vc_column width=&#8220;1\/4&#8243; offset=&#8220;vc_hidden-xs&#8220;][stm_rev_slider_nav title=&#8220;Luft Fracht&#8220; icon=&#8220;stm-transport839&#8243; slide_number=&#8220;2&#8243;][\/vc_column][vc_column width=&#8220;1\/4&#8243; offset=&#8220;vc_hidden-xs&#8220;][stm_rev_slider_nav title=&#8220;See Fracht&#8220; icon=&#8220;stm-ship&#8220; slide_number=&#8220;3&#8243;][\/vc_column][vc_column width=&#8220;1\/4&#8243; offset=&#8220;vc_hidden-xs&#8220;][stm_rev_slider_nav title=&#8220;Lagerung&#8220; icon=&#8220;stm-warehouse&#8220; slide_number=&#8220;4&#8243;][\/vc_column][\/vc_row][vc_row full_height=&#8220;yes&#8220; css=&#8220;.vc_custom_1603292330379{margin-bottom: 60px !important;background-image: url(http:\/\/e-k-f.de\/wp-content\/uploads\/revslider\/slider_1.jpg?id=1296) !important;background-position: center !important;background-repeat: no-repeat !important;background-size: cover !important;}&#8220; el_class=&#8220;vc_hidden-lg vc_hidden-md vc_hidden-sm&#8220;][vc_column offset=&#8220;vc_hidden-lg vc_hidden-md vc_hidden-sm&#8220; css=&#8220;.vc_custom_1449213666600{padding-top: 40px !important;padding-bottom: 40px !important;}&#8220;][vc_custom_heading text=&#8220;Wir sind 24 Stunden an 365 Tagen im Jahr f\u00fcr Sie erreichbar.&#8220; font_container=&#8220;tag:h4|text_align:left|color:%23ffffff&#8220; use_theme_fonts=&#8220;yes&#8220; el_class=&#8220;white_stripe&#8220;][vc_column_text]<span style=\"color: #ffffff; font-size: 16px; line-height: 28px;\"><br \/>\nDie Sicherstellung von Termingerechter Lieferung hat bei uns h\u00f6chste Priorit\u00e4t. Wir k\u00fcmmern uns um Ihre Ladung.<br \/>\nRufen Sie uns ganz unverbindlich an und erfragen Sie unsere Preise!<\/span>[\/vc_column_text][\/vc_column][\/vc_row][vc_row css=&#8220;.vc_custom_1450264294682{margin-bottom: 80px !important;}&#8220;][vc_column offset=&#8220;vc_col-lg-6 vc_col-md-6&#8243;][vc_column_text]<\/p>\n<h2 id=\"ueberuns\">EKF GmbH<\/h2>\n<p>Getreu unserem Motto &#8222;F\u00fcr Sie unterwegs &#8211; zu Ihren Kunden&#8220;, m\u00f6chten wir uns hier kurz vorstellen. Unser Unternehmen wurde im Jahre Januar des Jahres 2003 unter der Leitung von Herrn Lutz Fichtner in Saarlouis im Saarland gegr\u00fcndet. Seit dem hat sich vieles getan und ver\u00e4ndert.<\/p>\n<p>Wir geh\u00f6ren zu den wichtigsten Transportunternehmen im Bereich Kurierdienst im Saarland. Durch ein europaweites Netzwerk in der Kurierdienstbranche, sind wir in der Lage, Frachten schnellstm\u00f6glich von A nach B, sowohl innerhalb Deutschlands als auch EU weit zu transportieren. Unsere Fahrzeugflotte reicht vom PKW \u00fcber Kleintransporter bis zum LKW. Wir haben die M\u00f6glichkeit Frachten umzuladen oder Frachten Einzulagern.<\/p>\n<p>Wir sind 24 Stunden an 365 Tagen im Jahr f\u00fcr Sie erreichbar.<br \/>\nDie Sicherstellung von Termingerechter Lieferung hat bei uns h\u00f6chste Priorit\u00e4t. Wir k\u00fcmmern uns um Ihre Ladung.<br \/>\nRufen Sie uns ganz unverbindlich an und erfragen Sie unsere Preise!<br \/>\nDas Transportunternehmen &#8211; Spedition f\u00fcr das Saarland, Rheinland Pfalz, Deutschland und Europa.[\/vc_column_text][vc_row_inner][vc_column_inner width=&#8220;1\/2&#8243;][vc_column_text]<strong>LUTZ FICHTNER<br \/>\n<\/strong><small>Gesch\u00e4ftsf\u00fchrer<\/small>[\/vc_column_text][\/vc_column_inner][vc_column_inner width=&#8220;1\/2&#8243;][vc_single_image image=&#8220;1312&#8243; img_size=&#8220;full&#8220; css=&#8220;.vc_custom_1602404587800{padding-top: 5px !important;}&#8220;][\/vc_column_inner][\/vc_row_inner][\/vc_column][vc_column offset=&#8220;vc_col-lg-6 vc_col-md-6 vc_hidden-sm vc_hidden-xs&#8220;][vc_column_text][\/vc_column_text][vc_column_text][\/vc_column_text][vc_column_text][\/vc_column_text][vc_single_image image=&#8220;1324&#8243; img_size=&#8220;full&#8220; css=&#8220;.vc_custom_1602692754762{padding-top: 5px !important;}&#8220;][\/vc_column][\/vc_row][vc_row full_width=&#8220;stretch_row&#8220; css=&#8220;.vc_custom_1450270522171{margin-bottom: 0px !important;padding-top: 40px !important;padding-bottom: 14px !important;}&#8220; el_class=&#8220;secondary_bg_color&#8220;][vc_column width=&#8220;1\/2&#8243; offset=&#8220;vc_col-lg-3 vc_col-md-3&#8243; css=&#8220;.vc_custom_1449142338264{margin-bottom: 30px !important;}&#8220;][stm_counter counter_value=&#8220;11531&#8243; drawing=&#8220;yes&#8220; icon_width_svg=&#8220;65&#8243; icon_size=&#8220;64&#8243; title=&#8220;Frachten&#8220; drawing_icon=&#8220;stm-projects-done&#8220; icon_color=&#8220;#ffffff&#8220;][\/vc_column][vc_column width=&#8220;1\/2&#8243; offset=&#8220;vc_col-lg-3 vc_col-md-3&#8243; css=&#8220;.vc_custom_1449142329000{margin-bottom: 30px !important;}&#8220;][stm_counter counter_value=&#8220;273&#8243; drawing=&#8220;yes&#8220; icon_width_svg=&#8220;64&#8243; icon_size=&#8220;68&#8243; title=&#8220;Kunden&#8220; drawing_icon=&#8220;stm-clients-worldwide&#8220; icon_color=&#8220;#ffffff&#8220;][\/vc_column][vc_column width=&#8220;1\/2&#8243; offset=&#8220;vc_col-lg-3 vc_col-md-3&#8243; css=&#8220;.vc_custom_1449142343672{margin-bottom: 30px !important;}&#8220;][stm_counter counter_value=&#8220;35&#8243; drawing=&#8220;yes&#8220; icon_width=&#8220;80&#8243; icon_width_svg=&#8220;52&#8243; icon_size=&#8220;67&#8243; title=&#8220;Fahrzeuge&#8220; drawing_icon=&#8220;stm-owned-vehicles&#8220; icon_color=&#8220;#ffffff&#8220;][\/vc_column][vc_column width=&#8220;1\/2&#8243; offset=&#8220;vc_col-lg-3 vc_col-md-3&#8243; css=&#8220;.vc_custom_1449142350247{margin-bottom: 30px !important;}&#8220;][stm_counter counter_value=&#8220;15&#8243; drawing=&#8220;yes&#8220; icon_width=&#8220;100&#8243; icon_width_svg=&#8220;68&#8243; icon_size=&#8220;67&#8243; title=&#8220;Mitarbeiter&#8220; drawing_icon=&#8220;stm-people-in-team&#8220; icon_color=&#8220;#ffffff&#8220;][\/vc_column][\/vc_row][vc_row full_width=&#8220;stretch_row&#8220; el_class=&#8220;base_bg_color&#8220; css=&#8220;.vc_custom_1604235415130{padding-top: 80px !important;padding-bottom: 80px !important;}&#8220;][vc_column][stm_services posts_per_page=&#8220;12&#8243; autoplay=&#8220;yes&#8220; items_tablet=&#8220;3&#8243;]<\/p>\n<h2 id=\"service\"><span style=\"color: #ffffff; font-weight: 300;\">Service<\/span><\/h2>\n<p><span style=\"color: rgba(255,255,255,.5);\">Wir sind 24 Stunden an 365 Tagen im Jahr f\u00fcr Sie erreichbar.<br \/>\nTermingerechter Lieferung hat bei uns h\u00f6chste Priorit\u00e4t.<br \/>\nWir k\u00fcmmern uns um Ihre Ladung.<br \/>\nRufen Sie uns ganz unverbindlich an und erfragen Sie unsere Preise!<\/span>[\/stm_services][\/vc_column][\/vc_row][vc_row full_width=&#8220;stretch_row_content_no_spaces&#8220; css=&#8220;.vc_custom_1604235800340{margin-bottom: 0px !important;}&#8220;][vc_column][vc_raw_html]JTVCbGVhZmxldC1tYXAlMjBsYXQlM0Q0OS4zMzExMzUyOTIzNDAyNiUyMGxuZyUzRDYuNzgyOTUyNTQ3MDczMzY0JTIwem9vbWNvbnRyb2wlMjAlMjFkZXRlY3QtcmV0aW5hJTVEJTVCbGVhZmxldC1tYXJrZXIlMjBkcmFnZ2FibGUlNUQ=[\/vc_raw_html][\/vc_column][\/vc_row][vc_row full_width=&#8220;stretch_row&#8220; css=&#8220;.vc_custom_1604833714258{padding-top: 80px !important;padding-bottom: 80px !important;}&#8220;][vc_column][vc_gallery type=&#8220;image_grid&#8220; images=&#8220;1428,1427,1426,1425,1424,1423,1422&#8243; title=&#8220;Spezialtransporte&#8220;][\/vc_column][\/vc_row][vc_row][vc_column][vc_column_text]<\/p>\n<p style=\"text-align: center;\">Wir bieten zuverl\u00e4ssige L\u00f6sungen f\u00fcr Logistik, Transporte im Saarland, Deustchalnd und Europa.<br \/>\nIn Kooperation mit unseren Partnern bieten wir ein europaweites Netzwerk<br \/>\nf\u00fcr Transportanforderungen.<br \/>\nTermingerechte Zustellung Ihrer Waren.<\/p>\n<p>[\/vc_column_text][\/vc_column][\/vc_row]<\/p>\n","protected":false},"excerpt":{"rendered":"<p>[vc_row full_width=&#8220;stretch_row_content_no_spaces&#8220; css=&#8220;.vc_custom_1445941555299{margin-bottom: 0px !important;}&#8220;][vc_column offset=&#8220;vc_hidden-xs&#8220;][rev_slider_vc alias=&#8220;main_slider&#8220;][\/vc_column][\/vc_row][vc_row full_width=&#8220;stretch_row&#8220; el_class=&#8220;base_bg_color no_overflow_hidden&#8220; css=&#8220;.vc_custom_1448432556856{margin-bottom: 80px !important;}&#8220;][vc_column width=&#8220;1\/4&#8243; offset=&#8220;vc_hidden-xs&#8220;][stm_rev_slider_nav title=&#8220;Stra\u00dfen Fracht&#8220; icon=&#8220;stm-transport842&#8243; slide_number=&#8220;1&#8243;][\/vc_column][vc_column width=&#8220;1\/4&#8243; offset=&#8220;vc_hidden-xs&#8220;][stm_rev_slider_nav title=&#8220;Luft Fracht&#8220; icon=&#8220;stm-transport839&#8243; slide_number=&#8220;2&#8243;][\/vc_column][vc_column width=&#8220;1\/4&#8243; offset=&#8220;vc_hidden-xs&#8220;][stm_rev_slider_nav title=&#8220;See Fracht&#8220; icon=&#8220;stm-ship&#8220; slide_number=&#8220;3&#8243;][\/vc_column][vc_column width=&#8220;1\/4&#8243; offset=&#8220;vc_hidden-xs&#8220;][stm_rev_slider_nav&#8230;<\/p>\n","protected":false},"author":1,"featured_media":0,"parent":0,"menu_order":0,"comment_status":"closed","ping_status":"open","template":"","meta":[],"yoast_head":"<!-- This site is optimized with the Yoast SEO plugin v15.6.2 - https:\/\/yoast.com\/wordpress\/plugins\/seo\/ -->\n<title>Home - EKF GmbH Transporte Saarland Deutschland Europa<\/title>\n<meta name=\"robots\" content=\"index, follow, max-snippet:-1, max-image-preview:large, max-video-preview:-1\" \/>\n<link rel=\"canonical\" href=\"https:\/\/e-k-f.de\/\" \/>\n<meta property=\"og:locale\" content=\"de_DE\" \/>\n<meta property=\"og:type\" content=\"article\" \/>\n<meta property=\"og:title\" content=\"Home - EKF GmbH Transporte Saarland Deutschland Europa\" \/>\n<meta property=\"og:description\" content=\"[vc_row full_width=&#8220;stretch_row_content_no_spaces&#8220; css=&#8220;.vc_custom_1445941555299{margin-bottom: 0px !important;}&#8220;][vc_column offset=&#8220;vc_hidden-xs&#8220;][rev_slider_vc alias=&#8220;main_slider&#8220;][\/vc_column][\/vc_row][vc_row full_width=&#8220;stretch_row&#8220; el_class=&#8220;base_bg_color no_overflow_hidden&#8220; css=&#8220;.vc_custom_1448432556856{margin-bottom: 80px !important;}&#8220;][vc_column width=&#8220;1\/4&#8243; offset=&#8220;vc_hidden-xs&#8220;][stm_rev_slider_nav title=&#8220;Stra\u00dfen Fracht&#8220; icon=&#8220;stm-transport842&#8243; slide_number=&#8220;1&#8243;][\/vc_column][vc_column width=&#8220;1\/4&#8243; offset=&#8220;vc_hidden-xs&#8220;][stm_rev_slider_nav title=&#8220;Luft Fracht&#8220; icon=&#8220;stm-transport839&#8243; slide_number=&#8220;2&#8243;][\/vc_column][vc_column width=&#8220;1\/4&#8243; offset=&#8220;vc_hidden-xs&#8220;][stm_rev_slider_nav title=&#8220;See Fracht&#8220; icon=&#8220;stm-ship&#8220; slide_number=&#8220;3&#8243;][\/vc_column][vc_column width=&#8220;1\/4&#8243; offset=&#8220;vc_hidden-xs&#8220;][stm_rev_slider_nav...\" \/>\n<meta property=\"og:url\" content=\"https:\/\/e-k-f.de\/\" \/>\n<meta property=\"og:site_name\" content=\"EKF GmbH Transporte Saarland Deutschland Europa\" \/>\n<meta property=\"article:modified_time\" content=\"2020-12-19T11:36:05+00:00\" \/>\n<meta name=\"twitter:card\" content=\"summary_large_image\" \/>\n<meta name=\"twitter:label1\" content=\"Gesch\u00e4tzte Lesezeit\">\n\t<meta name=\"twitter:data1\" content=\"4\u00a0Minuten\">\n<script type=\"application\/ld+json\" class=\"yoast-schema-graph\">{\"@context\":\"https:\/\/schema.org\",\"@graph\":[{\"@type\":\"Organization\",\"@id\":\"https:\/\/e-k-f.de\/#organization\",\"name\":\"E-K-F GmbH\",\"url\":\"https:\/\/e-k-f.de\/\",\"sameAs\":[],\"logo\":{\"@type\":\"ImageObject\",\"@id\":\"https:\/\/e-k-f.de\/#logo\",\"inLanguage\":\"de\",\"url\":\"https:\/\/e-k-f.de\/wp-content\/uploads\/2020\/10\/mobile.png\",\"width\":117,\"height\":24,\"caption\":\"E-K-F GmbH\"},\"image\":{\"@id\":\"https:\/\/e-k-f.de\/#logo\"}},{\"@type\":\"WebSite\",\"@id\":\"https:\/\/e-k-f.de\/#website\",\"url\":\"https:\/\/e-k-f.de\/\",\"name\":\"E-K-F GmbH Transporte Saarland Deutschland Europa\",\"description\":\"Europa Kurier Fichtner\",\"publisher\":{\"@id\":\"https:\/\/e-k-f.de\/#organization\"},\"potentialAction\":[{\"@type\":\"SearchAction\",\"target\":\"https:\/\/e-k-f.de\/?s={search_term_string}\",\"query-input\":\"required name=search_term_string\"}],\"inLanguage\":\"de\"},{\"@type\":\"WebPage\",\"@id\":\"https:\/\/e-k-f.de\/#webpage\",\"url\":\"https:\/\/e-k-f.de\/\",\"name\":\"Home - EKF GmbH Transporte Saarland Deutschland Europa\",\"isPartOf\":{\"@id\":\"https:\/\/e-k-f.de\/#website\"},\"datePublished\":\"2015-10-21T07:42:32+00:00\",\"dateModified\":\"2020-12-19T11:36:05+00:00\",\"inLanguage\":\"de\",\"potentialAction\":[{\"@type\":\"ReadAction\",\"target\":[\"https:\/\/e-k-f.de\/\"]}]}]}<\/script>\n<!-- \/ Yoast SEO plugin. -->","_links":{"self":[{"href":"https:\/\/e-k-f.de\/index.php?rest_route=\/wp\/v2\/pages\/1269"}],"collection":[{"href":"https:\/\/e-k-f.de\/index.php?rest_route=\/wp\/v2\/pages"}],"about":[{"href":"https:\/\/e-k-f.de\/index.php?rest_route=\/wp\/v2\/types\/page"}],"author":[{"embeddable":true,"href":"https:\/\/e-k-f.de\/index.php?rest_route=\/wp\/v2\/users\/1"}],"replies":[{"embeddable":true,"href":"https:\/\/e-k-f.de\/index.php?rest_route=%2Fwp%2Fv2%2Fcomments&post=1269"}],"version-history":[{"count":91,"href":"https:\/\/e-k-f.de\/index.php?rest_route=\/wp\/v2\/pages\/1269\/revisions"}],"predecessor-version":[{"id":1441,"href":"https:\/\/e-k-f.de\/index.php?rest_route=\/wp\/v2\/pages\/1269\/revisions\/1441"}],"wp:attachment":[{"href":"https:\/\/e-k-f.de\/index.php?rest_route=%2Fwp%2Fv2%2Fmedia&parent=1269"}],"curies":[{"name":"wp","href":"https:\/\/api.w.org\/{rel}","templated":true}]}}